{"id":97,"date":"2022-04-12T16:17:35","date_gmt":"2022-04-12T16:17:35","guid":{"rendered":"https:\/\/lolaandyukaomeet.com\/yukao\/?page_id=97"},"modified":"2023-12-17T19:43:51","modified_gmt":"2023-12-17T19:43:51","slug":"about","status":"publish","type":"page","link":"https:\/\/lolaandyukaomeet.com\/yukao\/","title":{"rendered":"&nbsp;"},"content":{"rendered":"\n<p><a href=\"https:\/\/yukaonagemi.com\">Yukao Nagemi<\/a> is the visual artist name of Christian Jacquemin. He combines figurative hand drawing with abstract generative digital effects. He questions our relationships to science and technology and their dramatic syndromes. As media, he uses ink and tablet drawing, live graphic performance, programs for generative graphical effects, and video.<\/p>\n\n\n      <div id=\"post-grid-lazy-543\" class=\"post-grid-lazy\"><img decoding=\"async\" alt=\"\" src=\"\" \/><\/div>\n    <script>\n      jQuery('#post-grid-lazy-543').ready(function($) {\n        $('#post-grid-lazy-543').fadeOut();\n        $('#post-grid-543   ').fadeIn();\n      })\n    <\/script>\n    <style type=\"text\/css\">\n      #post-grid-543 {\n        display: none;\n      }\n\n      .post-grid-lazy {\n        text-align: center;\n      }\n    <\/style>\n    <div data-options='{&quot;id&quot;:&quot;543&quot;,&quot;lazy_load&quot;:&quot;yes&quot;,&quot;masonry_enable&quot;:&quot;no&quot;,&quot;view_type&quot;:&quot;grid&quot;}' id=\"post-grid-543\" class=\"post-grid grid\">\n    \n\n\n    <div class=\"grid-items\">\n      <div class=\"item item-1165 skin flat even 0 \">\n        <div class=\"layer-wrapper layout-368\">\n          <div class=\"layer-media element_1587187627902\"\r\n        id=\"\">\r\n        <div\r\n        class=\"element element_1587190790308  element-media \">\r\n        <a target=\"_self\" href=\"https:\/\/lolaandyukaomeet.com\/yukao\/blog\/2024\/02\/08\/yn-rejoice\/\"><img decoding=\"async\" src=\"https:\/\/lolaandyukaomeet.com\/yukao\/wp-content\/uploads\/sites\/8\/2023\/08\/webpage2-1024-683.jpg\" \/><\/a>    <\/div>\r\n    <\/div>\r\n    <div class=\"layer-content element_1587187714568\"\r\n        id=\"\">\r\n        <div class=\"element element_1587187895341  title \">\r\n                    <a target=\"_self\"\r\n                href=\"https:\/\/lolaandyukaomeet.com\/yukao\/blog\/2024\/02\/08\/yn-rejoice\/\">Rejoice!<\/a>\r\n            <\/div>\r\n    <div class=\"element element_1587187729822  excerpt \">\r\n        Des visuels de dessin vivant num\u00e9rique sur le th\u00e8me de l'Apocalypse accompagnent les expressions d'une sonate pour violon et violoncelle.                    <a target=\"_self\"\r\n                href=\"https:\/\/lolaandyukaomeet.com\/yukao\/blog\/2024\/02\/08\/yn-rejoice\/\">Read more<\/a>\r\n            <\/div>\r\n    <\/div>\r\n    <\/div>\n  <\/div><div class=\"item item-1417 skin flat odd 1 \">\n        <div class=\"layer-wrapper layout-368\">\n          <div class=\"layer-media element_1587187627902\"\r\n        id=\"\">\r\n        <div\r\n        class=\"element element_1587190790308  element-media \">\r\n        <a target=\"_self\" href=\"https:\/\/lolaandyukaomeet.com\/yukao\/blog\/2023\/08\/10\/yn-ateliers-crd-argenteuil\/\"><img decoding=\"async\" src=\"https:\/\/lolaandyukaomeet.com\/yukao\/wp-content\/uploads\/sites\/8\/2023\/08\/AR25964-1-1024x683.jpg\" \/><\/a>    <\/div>\r\n    <\/div>\r\n    <div class=\"layer-content element_1587187714568\"\r\n        id=\"\">\r\n        <div class=\"element element_1587187895341  title \">\r\n                    <a target=\"_self\"\r\n                href=\"https:\/\/lolaandyukaomeet.com\/yukao\/blog\/2023\/08\/10\/yn-ateliers-crd-argenteuil\/\">Ateliers jeunes: danse contemporaine et dessin vivant<\/a>\r\n            <\/div>\r\n    <div class=\"element element_1587187729822  excerpt \">\r\n        Des ateliers danse contemporaine et dessin vivant vid\u00e9oprojet\u00e9, dans le cadre d'une r\u00e9sidence au Conservatoire d'Argenteuil, avec des \u00e9l\u00e8ves des                    <a target=\"_self\"\r\n                href=\"https:\/\/lolaandyukaomeet.com\/yukao\/blog\/2023\/08\/10\/yn-ateliers-crd-argenteuil\/\">Read more<\/a>\r\n            <\/div>\r\n    <\/div>\r\n    <\/div>\n  <\/div><div class=\"item item-1194 skin flat even 2 \">\n        <div class=\"layer-wrapper layout-368\">\n          <div class=\"layer-media element_1587187627902\"\r\n        id=\"\">\r\n        <div\r\n        class=\"element element_1587190790308  element-media \">\r\n        <a target=\"_self\" href=\"https:\/\/lolaandyukaomeet.com\/yukao\/blog\/2023\/08\/01\/yn-contact\/\"><img decoding=\"async\" src=\"https:\/\/lolaandyukaomeet.com\/yukao\/wp-content\/uploads\/sites\/8\/2023\/08\/webpage_image-1024x634.jpg\" \/><\/a>    <\/div>\r\n    <\/div>\r\n    <div class=\"layer-content element_1587187714568\"\r\n        id=\"\">\r\n        <div class=\"element element_1587187895341  title \">\r\n                    <a target=\"_self\"\r\n                href=\"https:\/\/lolaandyukaomeet.com\/yukao\/blog\/2023\/08\/01\/yn-contact\/\">ContAct<\/a>\r\n            <\/div>\r\n    <div class=\"element element_1587187729822  excerpt \">\r\n        Un projet de l'ensemble soundinitiative de DJing entre musiques contemporaines et musiques actuelles avec du graphisme num\u00e9rique interactif et participatif.                    <a target=\"_self\"\r\n                href=\"https:\/\/lolaandyukaomeet.com\/yukao\/blog\/2023\/08\/01\/yn-contact\/\">Read more<\/a>\r\n            <\/div>\r\n    <\/div>\r\n    <\/div>\n  <\/div><div class=\"item item-361 skin flat odd 3 \">\n        <div class=\"layer-wrapper layout-368\">\n          <div class=\"layer-media element_1587187627902\"\r\n        id=\"\">\r\n        <div\r\n        class=\"element element_1587190790308  element-media \">\r\n        <a target=\"_self\" href=\"https:\/\/lolaandyukaomeet.com\/yukao\/blog\/2022\/04\/13\/yn-la-tempete\/\"><img decoding=\"async\" src=\"https:\/\/lolaandyukaomeet.com\/yukao\/wp-content\/uploads\/sites\/8\/2022\/04\/video_tempete-1024x564.jpg\" \/><\/a>    <\/div>\r\n    <\/div>\r\n    <div class=\"layer-content element_1587187714568\"\r\n        id=\"\">\r\n        <div class=\"element element_1587187895341  title \">\r\n                    <a target=\"_self\"\r\n                href=\"https:\/\/lolaandyukaomeet.com\/yukao\/blog\/2022\/04\/13\/yn-la-tempete\/\">La Tempete<\/a>\r\n            <\/div>\r\n    <div class=\"element element_1587187729822  excerpt \">\r\n        Dans un monde envahi par les images et le virtuel, qui pourrait aujourd'hui affirmer avec une certitude absolue que sa                    <a target=\"_self\"\r\n                href=\"https:\/\/lolaandyukaomeet.com\/yukao\/blog\/2022\/04\/13\/yn-la-tempete\/\">Read more<\/a>\r\n            <\/div>\r\n    <\/div>\r\n    <\/div>\n  <\/div><div class=\"item item-356 skin flat even 4 \">\n        <div class=\"layer-wrapper layout-368\">\n          <div class=\"layer-media element_1587187627902\"\r\n        id=\"\">\r\n        <div\r\n        class=\"element element_1587190790308  element-media \">\r\n        <a target=\"_self\" href=\"https:\/\/lolaandyukaomeet.com\/yukao\/blog\/2022\/04\/13\/yn-la-caverne-de-platon\/\"><img decoding=\"async\" src=\"https:\/\/lolaandyukaomeet.com\/yukao\/wp-content\/uploads\/sites\/8\/2022\/04\/241134370_3067425120180350_2769765436246741053_n-1024x683.jpg\" \/><\/a>    <\/div>\r\n    <\/div>\r\n    <div class=\"layer-content element_1587187714568\"\r\n        id=\"\">\r\n        <div class=\"element element_1587187895341  title \">\r\n                    <a target=\"_self\"\r\n                href=\"https:\/\/lolaandyukaomeet.com\/yukao\/blog\/2022\/04\/13\/yn-la-caverne-de-platon\/\">La Caverne de Platon<\/a>\r\n            <\/div>\r\n    <div class=\"element element_1587187729822  excerpt \">\r\n        La vie sociale, le go\u00fbt des apparences, l'obscurantisme et l'absence de culture, d\u00e9j\u00e0 analys\u00e9s par Platon envers la soci\u00e9t\u00e9 ath\u00e9nienne,                    <a target=\"_self\"\r\n                href=\"https:\/\/lolaandyukaomeet.com\/yukao\/blog\/2022\/04\/13\/yn-la-caverne-de-platon\/\">Read more<\/a>\r\n            <\/div>\r\n    <\/div>\r\n    <\/div>\n  <\/div><div class=\"item item-548 skin flat odd 5 \">\n        <div class=\"layer-wrapper layout-368\">\n          <div class=\"layer-media element_1587187627902\"\r\n        id=\"\">\r\n        <div\r\n        class=\"element element_1587190790308  element-media \">\r\n        <a target=\"_self\" href=\"https:\/\/lolaandyukaomeet.com\/yukao\/blog\/2022\/04\/13\/yn-speechless\/\"><img decoding=\"async\" src=\"https:\/\/lolaandyukaomeet.com\/yukao\/wp-content\/uploads\/sites\/8\/2022\/04\/FullPathAndDancerG-1024x576.jpg\" \/><\/a>    <\/div>\r\n    <\/div>\r\n    <div class=\"layer-content element_1587187714568\"\r\n        id=\"\">\r\n        <div class=\"element element_1587187895341  title \">\r\n                    <a target=\"_self\"\r\n                href=\"https:\/\/lolaandyukaomeet.com\/yukao\/blog\/2022\/04\/13\/yn-speechless\/\">Silent Drawing at Treffpunkt Speech(Less)<\/a>\r\n            <\/div>\r\n    <div class=\"element element_1587187729822  excerpt \">\r\n        silent performative drawing: Annika KompArt (choreographer) &amp; Yukao Nagemi (live drawing) Silent Drawing at Treffpunkt Speech(Less) is a drawing performance                    <a target=\"_self\"\r\n                href=\"https:\/\/lolaandyukaomeet.com\/yukao\/blog\/2022\/04\/13\/yn-speechless\/\">Read more<\/a>\r\n            <\/div>\r\n    <\/div>\r\n    <\/div>\n  <\/div><div class=\"item item-506 skin flat even 6 \">\n        <div class=\"layer-wrapper layout-368\">\n          <div class=\"layer-media element_1587187627902\"\r\n        id=\"\">\r\n        <div\r\n        class=\"element element_1587190790308  element-media \">\r\n        <a target=\"_self\" href=\"https:\/\/lolaandyukaomeet.com\/yukao\/blog\/2022\/04\/11\/yn-ateliers-portatifs\/\"><img decoding=\"async\" src=\"https:\/\/lolaandyukaomeet.com\/yukao\/wp-content\/uploads\/sites\/8\/2022\/04\/pic-LYM-atelPort-11-21-2017_22-10-17-0058.jpg\" \/><\/a>    <\/div>\r\n    <\/div>\r\n    <div class=\"layer-content element_1587187714568\"\r\n        id=\"\">\r\n        <div class=\"element element_1587187895341  title \">\r\n                    <a target=\"_self\"\r\n                href=\"https:\/\/lolaandyukaomeet.com\/yukao\/blog\/2022\/04\/11\/yn-ateliers-portatifs\/\">Ateliers portatifs<\/a>\r\n            <\/div>\r\n    <div class=\"element element_1587187729822  excerpt \">\r\n        Julien Malaussena (composition), Duo XAMP (accord\u00e9on) &amp; Yukao Nagemi(dessin performatif) ateliers portatifs (hommage \u00e0 Bernard Guerbadot) is a composition of                    <a target=\"_self\"\r\n                href=\"https:\/\/lolaandyukaomeet.com\/yukao\/blog\/2022\/04\/11\/yn-ateliers-portatifs\/\">Read more<\/a>\r\n            <\/div>\r\n    <\/div>\r\n    <\/div>\n  <\/div><div class=\"item item-531 skin flat odd 7 \">\n        <div class=\"layer-wrapper layout-368\">\n          <div class=\"layer-media element_1587187627902\"\r\n        id=\"\">\r\n        <div\r\n        class=\"element element_1587190790308  element-media \">\r\n        <a target=\"_self\" href=\"https:\/\/lolaandyukaomeet.com\/yukao\/blog\/2022\/04\/10\/yn-stambeli\/\"><img decoding=\"async\" src=\"https:\/\/lolaandyukaomeet.com\/yukao\/wp-content\/uploads\/sites\/8\/2022\/04\/pic-LYM-voluspa-09-09-2018_21-10-18-0179.jpg\" \/><\/a>    <\/div>\r\n    <\/div>\r\n    <div class=\"layer-content element_1587187714568\"\r\n        id=\"\">\r\n        <div class=\"element element_1587187895341  title \">\r\n                    <a target=\"_self\"\r\n                href=\"https:\/\/lolaandyukaomeet.com\/yukao\/blog\/2022\/04\/10\/yn-stambeli\/\">Light and resonances of Stambeli<\/a>\r\n            <\/div>\r\n    <div class=\"element element_1587187729822  excerpt \">\r\n        Salah el Ouergli &amp; Slim Molki (Stembali live music), Farah Bahri &amp; Yukao Nagemi (performative drawing) https:\/\/vimeo.com\/292087712 Lights and Resonances                    <a target=\"_self\"\r\n                href=\"https:\/\/lolaandyukaomeet.com\/yukao\/blog\/2022\/04\/10\/yn-stambeli\/\">Read more<\/a>\r\n            <\/div>\r\n    <\/div>\r\n    <\/div>\n  <\/div>    <\/div>\n    <div class=\"pagination\">\n      <div class=\"paginate\">\n      <\/div>\n  <style type=\"text\/css\">\n    #post-grid-543 .pagination .page-numbers {\n      font-size: 16px;\n      color: #fff;\n      background: #646464;\n    }\n\n    #post-grid-543 .pagination .page-numbers:hover,\n    #post-grid-543 .pagination .page-numbers.current {\n      background: #4b4b4b;\n    }\n  <\/style>\n  <\/div>\n        <style type=\"text\/css\">\r\n            .layout-368 .element_1587187627902 {\r\n                            }\r\n\r\n                    <\/style>\r\n        <style type=\"text\/css\">\r\n        .layout-368 .element_1587190790308 {\r\n            overflow: hidden;\r\n                    }\r\n\r\n        .layout-368 .element_1587190790308 img {\r\n            max-width: 100%;\r\n            height: auto;\r\n        }\r\n\r\n        @media only screen and (min-width: 1024px) {\r\n            .layout-368 .element_1587190790308 {\r\n                height: auto;\r\n                            }\r\n        }\r\n\r\n        @media only screen and (min-width: 768px) and (max-width: 1023px) {\r\n            .layout-368 .element_1587190790308 {\r\n                height: auto;\r\n                            }\r\n        }\r\n\r\n        @media only screen and (min-width: 0px) and (max-width: 767px) {\r\n            .layout-368 .element_1587190790308 {\r\n                height: auto;\r\n                            }\r\n        }\r\n    <\/style>\r\n        <style type=\"text\/css\">\r\n            .layout-368 .element_1587187714568 {\r\n                margin: 10px;\r\n                            }\r\n\r\n                    <\/style>\r\n        <style type=\"text\/css\">\r\n        .layout-368 .element_1587187895341 {\r\n            font-size: 18px;\r\n            margin: 5px 0px;\r\n            text-align: left;\r\n                    }\r\n\r\n        .layout-368 .element_1587187895341 a {\r\n            font-size: 18px;\r\n            margin: 5px 0px;\r\n            text-align: left;\r\n                    }\r\n    <\/style>\r\n    <style type=\"text\/css\">\r\n        .layout-368 .element_1587187729822 {\r\n            font-size: 13px;\r\n            margin: 0px 0px;\r\n            text-align: left;\r\n                    }\r\n\r\n        .layout-368 .element_1587187729822 a {\r\n            font-size: 13px;\r\n                    }\r\n    <\/style>\r\n        <style type=\"text\/css\">\n      .layout-368 a{text-decoration:none}.layout-368{vertical-align:top}.layout-368 .layer-content{padding:10px}    <\/style>\n    <script>\n          <\/script>\n    <style type=\"text\/css\">\n    #post-grid-543 {\n      padding: 10px;\n          }\n\n    #post-grid-543 .item {\n      padding: 0px;\n      background: #eaedf9;\n          }\n\n    #post-grid-543 .item .layer-media {\n      height:auto;    }\n\n    @media only screen and (min-width: 0px) and (max-width: 767px) {\n      #post-grid-543 .grid-items {\n        text-align: center;\n              }\n\n      #post-grid-543 .item {\n        width: 95%;\n        margin: 10px;\n        display: inline-block;\n        vertical-align: top;\n        height:auto;      }\n    }\n\n    @media only screen and (min-width: 768px) and (max-width: 1023px) {\n      #post-grid-543 .grid-items {\n        text-align: center;\n              }\n\n      #post-grid-543 .item {\n        width: 45%;\n        margin: 10px;\n        display: inline-block;\n        vertical-align: top;\n        max-height:auto;      }\n    }\n\n    @media only screen and (min-width: 1024px) {\n      #post-grid-543 .grid-items {\n        text-align: center;\n              }\n\n      #post-grid-543 .item {\n        width: 45%;\n        display: inline-block;\n        margin: 10px;\n        vertical-align: top;\n        height:auto;      }\n    }\n\n      <\/style>\n  <\/div>\n\n","protected":false},"excerpt":{"rendered":"<p>Yukao Nagemi is the visual artist name of Christian Jacquemin. He combines figurative hand drawing with abstract generative digital effects. He questions our relationships to science and technology and their dramatic syndromes. As media, he uses ink and tablet drawing, live graphic performance, programs for generative graphical effects, and video.<\/p>\n","protected":false},"author":1,"featured_media":0,"parent":0,"menu_order":0,"comment_status":"closed","ping_status":"closed","template":"","meta":{"footnotes":""},"class_list":["post-97","page","type-page","status-publish","hentry","post"],"_links":{"self":[{"href":"https:\/\/lolaandyukaomeet.com\/yukao\/wp-json\/wp\/v2\/pages\/97","targetHints":{"allow":["GET"]}}],"collection":[{"href":"https:\/\/lolaandyukaomeet.com\/yukao\/wp-json\/wp\/v2\/pages"}],"about":[{"href":"https:\/\/lolaandyukaomeet.com\/yukao\/wp-json\/wp\/v2\/types\/page"}],"author":[{"embeddable":true,"href":"https:\/\/lolaandyukaomeet.com\/yukao\/wp-json\/wp\/v2\/users\/1"}],"replies":[{"embeddable":true,"href":"https:\/\/lolaandyukaomeet.com\/yukao\/wp-json\/wp\/v2\/comments?post=97"}],"version-history":[{"count":36,"href":"https:\/\/lolaandyukaomeet.com\/yukao\/wp-json\/wp\/v2\/pages\/97\/revisions"}],"predecessor-version":[{"id":1893,"href":"https:\/\/lolaandyukaomeet.com\/yukao\/wp-json\/wp\/v2\/pages\/97\/revisions\/1893"}],"wp:attachment":[{"href":"https:\/\/lolaandyukaomeet.com\/yukao\/wp-json\/wp\/v2\/media?parent=97"}],"curies":[{"name":"wp","href":"https:\/\/api.w.org\/{rel}","templated":true}]}}