{"id":257,"date":"2025-02-02T21:55:06","date_gmt":"2025-02-02T21:55:06","guid":{"rendered":"https:\/\/lolaandyukaomeet.com\/meteores\/?page_id=257"},"modified":"2025-02-03T12:06:13","modified_gmt":"2025-02-03T12:06:13","slug":"les-meteores","status":"publish","type":"page","link":"https:\/\/lolaandyukaomeet.com\/meteores\/","title":{"rendered":"Les M\u00e9t\u00e9ores"},"content":{"rendered":"\n<p><em>Les M\u00e9t\u00e9ores <\/em>est une association de d\u00e9veloppement artistique et culturel bas\u00e9e \u00e0 Clamecy.<\/p>\n","protected":false},"excerpt":{"rendered":"<p>Les M\u00e9t\u00e9ores est une association de d\u00e9veloppement artistique et culturel bas\u00e9e \u00e0 Clamecy.<\/p>\n","protected":false},"author":1,"featured_media":0,"parent":0,"menu_order":0,"comment_status":"closed","ping_status":"open","template":"","meta":{"footnotes":""},"class_list":["post-257","page","type-page","status-publish","hentry","post"],"_links":{"self":[{"href":"https:\/\/lolaandyukaomeet.com\/meteores\/wp-json\/wp\/v2\/pages\/257","targetHints":{"allow":["GET"]}}],"collection":[{"href":"https:\/\/lolaandyukaomeet.com\/meteores\/wp-json\/wp\/v2\/pages"}],"about":[{"href":"https:\/\/lolaandyukaomeet.com\/meteores\/wp-json\/wp\/v2\/types\/page"}],"author":[{"embeddable":true,"href":"https:\/\/lolaandyukaomeet.com\/meteores\/wp-json\/wp\/v2\/users\/1"}],"replies":[{"embeddable":true,"href":"https:\/\/lolaandyukaomeet.com\/meteores\/wp-json\/wp\/v2\/comments?post=257"}],"version-history":[{"count":3,"href":"https:\/\/lolaandyukaomeet.com\/meteores\/wp-json\/wp\/v2\/pages\/257\/revisions"}],"predecessor-version":[{"id":264,"href":"https:\/\/lolaandyukaomeet.com\/meteores\/wp-json\/wp\/v2\/pages\/257\/revisions\/264"}],"wp:attachment":[{"href":"https:\/\/lolaandyukaomeet.com\/meteores\/wp-json\/wp\/v2\/media?parent=257"}],"curies":[{"name":"wp","href":"https:\/\/api.w.org\/{rel}","templated":true}]}}