{"id":2,"date":"2024-04-22T13:08:51","date_gmt":"2024-04-22T12:08:51","guid":{"rendered":"https:\/\/lolaandyukaomeet.com\/meteores\/?page_id=2"},"modified":"2024-04-25T20:59:01","modified_gmt":"2024-04-25T19:59:01","slug":"sample-page","status":"publish","type":"page","link":"https:\/\/lolaandyukaomeet.com\/meteores\/sample-page\/","title":{"rendered":"La Maison Les M\u00e9t\u00e9ores"},"content":{"rendered":"\n<p>Welcome to <em>La Maison Les M\u00e9t\u00e9ores<\/em>, an artist r\u00e9sidence space located in Burgundy at the outskirts of the little medieval city Clamecy in Ni\u00e8vre, France.<\/p>\n\n\n\n<p>Located on the hill top of a former chalk quarry with a beautiful view, dwelling in the valleys of the rivers Beuvron and Yonne, it offers space and inspiring nature surroundings for various artistic activities and a permaculture vegetable garden.<\/p>\n\n\n\n<p>The space is mainly oriented towards digital audio-visual live performance, but writers, classical and experimental music\/sound art, visual artists and other types of stage performance are welcome as well.<br>We have a special interest in projects dealing with environmental issues and sacred art.<\/p>\n\n\n\n<p><\/p>\n\n\n<div  id=\"jtg-14\" class=\"modula modula-gallery modula-custom-grid\" data-config=\"{&quot;height&quot;:800,&quot;tabletHeight&quot;:800,&quot;mobileHeight&quot;:800,&quot;desktopHeight&quot;:800,&quot;enableTwitter&quot;:false,&quot;enableWhatsapp&quot;:false,&quot;enableFacebook&quot;:false,&quot;enablePinterest&quot;:false,&quot;enableLinkedin&quot;:false,&quot;enableEmail&quot;:false,&quot;randomFactor&quot;:0.5,&quot;type&quot;:&quot;custom-grid&quot;,&quot;columns&quot;:12,&quot;gutter&quot;:10,&quot;mobileGutter&quot;:10,&quot;tabletGutter&quot;:10,&quot;desktopGutter&quot;:10,&quot;enableResponsive&quot;:&quot;0&quot;,&quot;tabletColumns&quot;:2,&quot;mobileColumns&quot;:1,&quot;lazyLoad&quot;:0,&quot;lightboxOpts&quot;:{&quot;animated&quot;:true,&quot;Thumbs&quot;:{&quot;type&quot;:&quot;modern&quot;,&quot;showOnStart&quot;:false},&quot;Toolbar&quot;:{&quot;display&quot;:{&quot;right&quot;:[&quot;close&quot;]},&quot;enabled&quot;:true},&quot;Carousel&quot;:{&quot;Panzoom&quot;:{&quot;touch&quot;:true},&quot;infinite&quot;:false},&quot;keyboard&quot;:{&quot;Escape&quot;:&quot;close&quot;,&quot;Delete&quot;:&quot;close&quot;,&quot;Backspace&quot;:&quot;close&quot;,&quot;PageUp&quot;:false,&quot;PageDown&quot;:false,&quot;ArrowUp&quot;:false,&quot;ArrowDown&quot;:false,&quot;ArrowRight&quot;:false,&quot;ArrowLeft&quot;:false},&quot;touch&quot;:false,&quot;backdropClick&quot;:false,&quot;l10n&quot;:{&quot;CLOSE&quot;:&quot;Close&quot;,&quot;NEXT&quot;:&quot;Next&quot;,&quot;PREV&quot;:&quot;Previous&quot;,&quot;Error&quot;:&quot;The requested content cannot be loaded. Please try again later.&quot;,&quot;PLAY_START&quot;:&quot;Start slideshow&quot;,&quot;PLAY_STOP&quot;:&quot;Pause slideshow&quot;,&quot;FULL_SCREEN&quot;:&quot;Full screen&quot;,&quot;THUMBS&quot;:&quot;Thumbnails&quot;,&quot;DOWNLOAD&quot;:&quot;Download&quot;,&quot;SHARE&quot;:&quot;Share&quot;,&quot;ZOOM&quot;:&quot;Zoom&quot;,&quot;EMAIL&quot;:&quot;Here is the link to the image : %%image_link%% and this is the link to the gallery : %%gallery_link%%&quot;,&quot;MODAL&quot;:&quot;You can close this modal content with the ESC key&quot;,&quot;ERROR&quot;:&quot;Something Went Wrong, Please Try Again Later&quot;,&quot;IMAGE_ERROR&quot;:&quot;Image Not Found&quot;,&quot;ELEMENT_NOT_FOUND&quot;:&quot;HTML Element Not Found&quot;,&quot;AJAX_NOT_FOUND&quot;:&quot;Error Loading AJAX : Not Found&quot;,&quot;AJAX_FORBIDDEN&quot;:&quot;Error Loading AJAX : Forbidden&quot;,&quot;IFRAME_ERROR&quot;:&quot;Error Loading Page&quot;,&quot;TOGGLE_ZOOM&quot;:&quot;Toggle zoom level&quot;,&quot;TOGGLE_THUMBS&quot;:&quot;Toggle thumbnails&quot;,&quot;TOGGLE_SLIDESHOW&quot;:&quot;Toggle slideshow&quot;,&quot;TOGGLE_FULLSCREEN&quot;:&quot;Toggle full-screen mode&quot;},&quot;Images&quot;:{&quot;Panzoom&quot;:{&quot;maxScale&quot;:2}},&quot;mainClass&quot;:&quot;modula-fancybox-container modula-lightbox-jtg-14&quot;,&quot;Html&quot;:{&quot;videoAutoplay&quot;:0,&quot;videoTpl&quot;:&quot;&lt;video class=\\&quot;fancybox__html5video\\&quot; controls muted playsinline controlsList controlsList=\\&quot;nodownload\\&quot; poster=\\&quot;{{poster}}\\&quot; src=\\&quot;{{src}}\\&quot; type=\\&quot;{{format}}\\&quot; &gt;  Sorry, your browser doesn&#039;t support embedded videos, &lt;a href=\\&quot;{{src}}\\&quot;&gt; download &lt;\\\/a&gt; and watch with your favorite video player! &lt;\\\/video&gt;&quot;}},&quot;inView&quot;:false,&quot;email_subject&quot;:&quot;Check out this awesome image !!&quot;,&quot;email_message&quot;:&quot;Here is the link to the image : %%image_link%% and this is the link to the gallery : %%gallery_link%%&quot;,&quot;lightbox&quot;:&quot;fancybox&quot;}\">\n\n\t\n\t<div  class=\"modula-items\">\n\t\t<div class=\"modula-item effect-pufrobo\" data-width=\"2\" data-height=\"2\" >\n\t<div class=\"modula-item-overlay\"><\/div>\n\n\t<div class=\"modula-item-content\">\n\n\t\t<a data-image-id=\"26\" role=\"button\" tabindex=\"0\" rel=\"jtg-14\" data-caption=\"\" aria-label=\"Open image in lightbox\" class=\"tile-inner modula-item-link\"><\/a><img loading=\"lazy\" decoding=\"async\" class=\"pic wp-image-26\"  data-valign=\"middle\" data-halign=\"center\" alt=\"\" data-full=\"https:\/\/lolaandyukaomeet.com\/meteores\/wp-content\/uploads\/sites\/10\/2024\/04\/IMG-20240404-WA0000.jpg\" title=\"IMG-20240404-WA0000\" crop=\"\" width=\"1600\" height=\"778\" src=\"https:\/\/lolaandyukaomeet.com\/meteores\/wp-content\/uploads\/sites\/10\/2024\/04\/IMG-20240404-WA0000.jpg\" data-src=\"https:\/\/lolaandyukaomeet.com\/meteores\/wp-content\/uploads\/sites\/10\/2024\/04\/IMG-20240404-WA0000.jpg\" data-caption=\"\" srcset=\"https:\/\/lolaandyukaomeet.com\/meteores\/wp-content\/uploads\/sites\/10\/2024\/04\/IMG-20240404-WA0000.jpg 1600w, https:\/\/lolaandyukaomeet.com\/meteores\/wp-content\/uploads\/sites\/10\/2024\/04\/IMG-20240404-WA0000-300x146.jpg 300w, https:\/\/lolaandyukaomeet.com\/meteores\/wp-content\/uploads\/sites\/10\/2024\/04\/IMG-20240404-WA0000-1024x498.jpg 1024w, https:\/\/lolaandyukaomeet.com\/meteores\/wp-content\/uploads\/sites\/10\/2024\/04\/IMG-20240404-WA0000-768x373.jpg 768w, https:\/\/lolaandyukaomeet.com\/meteores\/wp-content\/uploads\/sites\/10\/2024\/04\/IMG-20240404-WA0000-1536x747.jpg 1536w\" sizes=\"auto, (max-width: 1600px) 100vw, 1600px\" \/>\n\t\t<div class=\"figc no-description\">\n\t\t\t<div class=\"figc-inner\">\n\t\t\t\t\t\t\t\t\t\t\t\t\t\t\t<\/div>\n\t\t<\/div>\n\n\t<\/div>\n\n<\/div><div class=\"modula-item effect-pufrobo\" data-width=\"2\" data-height=\"2\" >\n\t<div class=\"modula-item-overlay\"><\/div>\n\n\t<div class=\"modula-item-content\">\n\n\t\t<a data-image-id=\"27\" role=\"button\" tabindex=\"0\" rel=\"jtg-14\" data-caption=\"\" aria-label=\"Open image in lightbox\" class=\"tile-inner modula-item-link\"><\/a><img loading=\"lazy\" decoding=\"async\" class=\"pic wp-image-27\"  data-valign=\"middle\" data-halign=\"center\" alt=\"\" data-full=\"https:\/\/lolaandyukaomeet.com\/meteores\/wp-content\/uploads\/sites\/10\/2024\/04\/Screenshot-795.png\" title=\"Screenshot-795\" crop=\"\" width=\"954\" height=\"845\" src=\"https:\/\/lolaandyukaomeet.com\/meteores\/wp-content\/uploads\/sites\/10\/2024\/04\/Screenshot-795.png\" data-src=\"https:\/\/lolaandyukaomeet.com\/meteores\/wp-content\/uploads\/sites\/10\/2024\/04\/Screenshot-795.png\" data-caption=\"\" srcset=\"https:\/\/lolaandyukaomeet.com\/meteores\/wp-content\/uploads\/sites\/10\/2024\/04\/Screenshot-795.png 954w, https:\/\/lolaandyukaomeet.com\/meteores\/wp-content\/uploads\/sites\/10\/2024\/04\/Screenshot-795-300x266.png 300w, https:\/\/lolaandyukaomeet.com\/meteores\/wp-content\/uploads\/sites\/10\/2024\/04\/Screenshot-795-768x680.png 768w\" sizes=\"auto, (max-width: 954px) 100vw, 954px\" \/>\n\t\t<div class=\"figc no-description\">\n\t\t\t<div class=\"figc-inner\">\n\t\t\t\t\t\t\t\t\t\t\t\t\t\t\t<\/div>\n\t\t<\/div>\n\n\t<\/div>\n\n<\/div><div class=\"modula-item effect-pufrobo\" data-width=\"2\" data-height=\"2\" >\n\t<div class=\"modula-item-overlay\"><\/div>\n\n\t<div class=\"modula-item-content\">\n\n\t\t<a data-image-id=\"28\" role=\"button\" tabindex=\"0\" rel=\"jtg-14\" data-caption=\"\" aria-label=\"Open image in lightbox\" class=\"tile-inner modula-item-link\"><\/a><img loading=\"lazy\" decoding=\"async\" class=\"pic wp-image-28\"  data-valign=\"middle\" data-halign=\"center\" alt=\"\" data-full=\"https:\/\/lolaandyukaomeet.com\/meteores\/wp-content\/uploads\/sites\/10\/2024\/04\/westterrace.png\" title=\"westterrace\" crop=\"\" width=\"1013\" height=\"581\" src=\"https:\/\/lolaandyukaomeet.com\/meteores\/wp-content\/uploads\/sites\/10\/2024\/04\/westterrace.png\" data-src=\"https:\/\/lolaandyukaomeet.com\/meteores\/wp-content\/uploads\/sites\/10\/2024\/04\/westterrace.png\" data-caption=\"\" srcset=\"https:\/\/lolaandyukaomeet.com\/meteores\/wp-content\/uploads\/sites\/10\/2024\/04\/westterrace.png 1013w, https:\/\/lolaandyukaomeet.com\/meteores\/wp-content\/uploads\/sites\/10\/2024\/04\/westterrace-300x172.png 300w, https:\/\/lolaandyukaomeet.com\/meteores\/wp-content\/uploads\/sites\/10\/2024\/04\/westterrace-768x440.png 768w\" sizes=\"auto, (max-width: 1013px) 100vw, 1013px\" \/>\n\t\t<div class=\"figc no-description\">\n\t\t\t<div class=\"figc-inner\">\n\t\t\t\t\t\t\t\t\t\t\t\t\t\t\t<\/div>\n\t\t<\/div>\n\n\t<\/div>\n\n<\/div><div class=\"modula-item effect-pufrobo\" data-width=\"2\" data-height=\"2\" >\n\t<div class=\"modula-item-overlay\"><\/div>\n\n\t<div class=\"modula-item-content\">\n\n\t\t<a data-image-id=\"29\" role=\"button\" tabindex=\"0\" rel=\"jtg-14\" data-caption=\"binary comment\" aria-label=\"Open image in lightbox\" class=\"tile-inner modula-item-link\"><\/a><img loading=\"lazy\" decoding=\"async\" class=\"pic wp-image-29\"  data-valign=\"middle\" data-halign=\"center\" alt=\"\" data-full=\"https:\/\/lolaandyukaomeet.com\/meteores\/wp-content\/uploads\/sites\/10\/2024\/04\/sunset-scaled-1.jpg\" title=\"binary comment\" crop=\"\" width=\"2560\" height=\"1244\" src=\"https:\/\/lolaandyukaomeet.com\/meteores\/wp-content\/uploads\/sites\/10\/2024\/04\/sunset-scaled-1.jpg\" data-src=\"https:\/\/lolaandyukaomeet.com\/meteores\/wp-content\/uploads\/sites\/10\/2024\/04\/sunset-scaled-1.jpg\" data-caption=\"binary comment\" srcset=\"https:\/\/lolaandyukaomeet.com\/meteores\/wp-content\/uploads\/sites\/10\/2024\/04\/sunset-scaled-1.jpg 2560w, https:\/\/lolaandyukaomeet.com\/meteores\/wp-content\/uploads\/sites\/10\/2024\/04\/sunset-scaled-1-300x146.jpg 300w, https:\/\/lolaandyukaomeet.com\/meteores\/wp-content\/uploads\/sites\/10\/2024\/04\/sunset-scaled-1-1024x498.jpg 1024w, https:\/\/lolaandyukaomeet.com\/meteores\/wp-content\/uploads\/sites\/10\/2024\/04\/sunset-scaled-1-768x373.jpg 768w, https:\/\/lolaandyukaomeet.com\/meteores\/wp-content\/uploads\/sites\/10\/2024\/04\/sunset-scaled-1-1536x746.jpg 1536w, https:\/\/lolaandyukaomeet.com\/meteores\/wp-content\/uploads\/sites\/10\/2024\/04\/sunset-scaled-1-2048x995.jpg 2048w\" sizes=\"auto, (max-width: 2560px) 100vw, 2560px\" \/>\n\t\t<div class=\"figc\">\n\t\t\t<div class=\"figc-inner\">\n\t\t\t\t\t\t\t\t\t\t\t\t\t<div class=\"jtg-description\">binary comment<\/div>\n\t\t\t\t\t\t\t\t\t\t\t<\/div>\n\t\t<\/div>\n\n\t<\/div>\n\n<\/div><div class=\"modula-item effect-pufrobo\" data-width=\"2\" data-height=\"2\" >\n\t<div class=\"modula-item-overlay\"><\/div>\n\n\t<div class=\"modula-item-content\">\n\n\t\t<a data-image-id=\"30\" role=\"button\" tabindex=\"0\" rel=\"jtg-14\" data-caption=\"binary comment\" aria-label=\"Open image in lightbox\" class=\"tile-inner modula-item-link\"><\/a><img loading=\"lazy\" decoding=\"async\" class=\"pic wp-image-30\"  data-valign=\"middle\" data-halign=\"center\" alt=\"\" data-full=\"https:\/\/lolaandyukaomeet.com\/meteores\/wp-content\/uploads\/sites\/10\/2024\/04\/permaculture-scaled-1.jpg\" title=\"binary comment\" crop=\"\" width=\"2560\" height=\"1245\" src=\"https:\/\/lolaandyukaomeet.com\/meteores\/wp-content\/uploads\/sites\/10\/2024\/04\/permaculture-scaled-1.jpg\" data-src=\"https:\/\/lolaandyukaomeet.com\/meteores\/wp-content\/uploads\/sites\/10\/2024\/04\/permaculture-scaled-1.jpg\" data-caption=\"binary comment\" srcset=\"https:\/\/lolaandyukaomeet.com\/meteores\/wp-content\/uploads\/sites\/10\/2024\/04\/permaculture-scaled-1.jpg 2560w, https:\/\/lolaandyukaomeet.com\/meteores\/wp-content\/uploads\/sites\/10\/2024\/04\/permaculture-scaled-1-300x146.jpg 300w, https:\/\/lolaandyukaomeet.com\/meteores\/wp-content\/uploads\/sites\/10\/2024\/04\/permaculture-scaled-1-1024x498.jpg 1024w, https:\/\/lolaandyukaomeet.com\/meteores\/wp-content\/uploads\/sites\/10\/2024\/04\/permaculture-scaled-1-768x374.jpg 768w, https:\/\/lolaandyukaomeet.com\/meteores\/wp-content\/uploads\/sites\/10\/2024\/04\/permaculture-scaled-1-1536x747.jpg 1536w, https:\/\/lolaandyukaomeet.com\/meteores\/wp-content\/uploads\/sites\/10\/2024\/04\/permaculture-scaled-1-2048x996.jpg 2048w\" sizes=\"auto, (max-width: 2560px) 100vw, 2560px\" \/>\n\t\t<div class=\"figc\">\n\t\t\t<div class=\"figc-inner\">\n\t\t\t\t\t\t\t\t\t\t\t\t\t<div class=\"jtg-description\">binary comment<\/div>\n\t\t\t\t\t\t\t\t\t\t\t<\/div>\n\t\t<\/div>\n\n\t<\/div>\n\n<\/div><div class=\"modula-item effect-pufrobo\" data-width=\"2\" data-height=\"2\" >\n\t<div class=\"modula-item-overlay\"><\/div>\n\n\t<div class=\"modula-item-content\">\n\n\t\t<a data-image-id=\"31\" role=\"button\" tabindex=\"0\" rel=\"jtg-14\" data-caption=\"\" aria-label=\"Open image in lightbox\" class=\"tile-inner modula-item-link\"><\/a><img loading=\"lazy\" decoding=\"async\" class=\"pic wp-image-31\"  data-valign=\"middle\" data-halign=\"center\" alt=\"\" data-full=\"https:\/\/lolaandyukaomeet.com\/meteores\/wp-content\/uploads\/sites\/10\/2024\/04\/outside.jpg\" title=\"outside\" crop=\"\" width=\"1604\" height=\"769\" src=\"https:\/\/lolaandyukaomeet.com\/meteores\/wp-content\/uploads\/sites\/10\/2024\/04\/outside.jpg\" data-src=\"https:\/\/lolaandyukaomeet.com\/meteores\/wp-content\/uploads\/sites\/10\/2024\/04\/outside.jpg\" data-caption=\"\" srcset=\"https:\/\/lolaandyukaomeet.com\/meteores\/wp-content\/uploads\/sites\/10\/2024\/04\/outside.jpg 1604w, https:\/\/lolaandyukaomeet.com\/meteores\/wp-content\/uploads\/sites\/10\/2024\/04\/outside-300x144.jpg 300w, https:\/\/lolaandyukaomeet.com\/meteores\/wp-content\/uploads\/sites\/10\/2024\/04\/outside-1024x491.jpg 1024w, https:\/\/lolaandyukaomeet.com\/meteores\/wp-content\/uploads\/sites\/10\/2024\/04\/outside-768x368.jpg 768w, https:\/\/lolaandyukaomeet.com\/meteores\/wp-content\/uploads\/sites\/10\/2024\/04\/outside-1536x736.jpg 1536w\" sizes=\"auto, (max-width: 1604px) 100vw, 1604px\" \/>\n\t\t<div class=\"figc no-description\">\n\t\t\t<div class=\"figc-inner\">\n\t\t\t\t\t\t\t\t\t\t\t\t\t\t\t<\/div>\n\t\t<\/div>\n\n\t<\/div>\n\n<\/div>\t\t\n\t<\/div>\n\n\t\n\t\n\t<script type=\"application\/ld+json\">\n\t{\n\t\t\"@context\": \"http:\/\/schema.org\",\n\t\t\"@type\"   : \"ImageGallery\",\n\t\t\"id\"      : \"https:\/\/lolaandyukaomeet.com\/meteores\/sample-page\/\",\n\t\t\"url\"     : \"https:\/\/lolaandyukaomeet.com\/meteores\/sample-page\/\"\n\t}\n\n\t<\/script>\n\n\t\n<\/div>\n\n\n\n\n<p>La Maison Les M\u00e9t\u00e9ores is hosting many of the activities of the French association Les M\u00e9t\u00e9ores and is the heart-work of the franco-danish artist couple Christian Jacquemin (Yukao Nagemi) and Boe Przemyslak (Lola Ajima) in the audio-visual duo Lola and Yukao Meet. <br>After many years living in big cities and of playing many different festivals around the world with their audio-graphic live performances, they wanted something different. Something more grounded. Something closer to nature and shared experiences.<br><br>Following their dream to create a home for an artistic life with focus on simplicity and calm, being close to nature and mutual inspiring encounters, they spent three years renovating the house and making it suitable to open up to share with other like-minded artists.<\/p>\n\n\n\n<p>Please have a look at our newly started instagram for more photos and videos:<br><a href=\"https:\/\/www.instagram.com\/lamaisonlesmeteores\/\">https:\/\/www.instagram.com\/lamaisonlesmeteores\/<\/a><\/p>\n\n\n\n<p><\/p>\n\n\n<style type=\"text\/css\" id=\"umsMapStyles_1_79213\">\r\n    #ultimate_maps_1_79213 {\r\n        width: 100%;\r\n        height: 250px;\r\n                border: 0px solid ;\r\n        margin: 0px;\r\n    }\r\n    #mapsControlsNum_1_79213 {\r\n        width:100%    }\r\n    .umsMapDetailsContainer#umsMapDetailsContainer_1_79213 {\r\n        height:250px;\r\n    }\r\n    .ums_MapPreview#ultimate_maps_1_79213 {\r\n        \/*position:absolute;*\/\r\n        width:100%;\r\n    }\r\n    #mapConElem_1_79213{\r\n        width:100%    }\r\n    <\/style><div class=\"ums_map_opts\" id=\"mapConElem_1_79213\" data-id=\"1\" data-view-id=\"1_79213\" > <div class=\"umsMapDetailsContainer\" id=\"umsMapDetailsContainer_1_79213\"> <i class=\"umsKMLLayersPreloader fa fa-spinner fa-spin\" aria-hidden=\"true\" style=\"display: none;\"><\/i> <div class=\"ums_MapPreview \" id=\"ultimate_maps_1_79213\"><\/div> <\/div> <div class=\"umsMapMarkerFilters\" id=\"umsMapMarkerFilters_1_79213\"> <\/div> <div class=\"umsMapProControlsCon\" id=\"umsMapProControlsCon_1_79213\"> <a title=\"WP Google Maps\" style=\"display:none;\" href=\"https:\/\/supsystic.com\/plugins\/google-maps-plugin\/?utm_medium=love_link_hide\" target=\"_blank\">WP Google Maps<\/a><div style=\"clear: both;\"><\/div> <\/div> <div class=\"umsMapProDirectionsCon\" id=\"umsMapProDirectionsCon_1_79213\" > <\/div> <div class=\"umsMapProKmlFilterCon\" id=\"umsMapProKmlFilterCon_1_79213\" > <\/div> <div class=\"umsSocialSharingShell umsSocialSharingShell_1_79213\"> <\/div> <div style=\"clear: both;\"><\/div> <\/div>","protected":false},"excerpt":{"rendered":"<p>Welcome to La Maison Les M\u00e9t\u00e9ores, an artist r\u00e9sidence space located in Burgundy at the outskirts of the little medieval city Clamecy in Ni\u00e8vre, France. Located on the hill top of a former chalk quarry with a beautiful view, dwelling in the valleys of the rivers Beuvron and Yonne, it offers space and inspiring nature [&hellip;]<\/p>\n","protected":false},"author":6,"featured_media":0,"parent":0,"menu_order":0,"comment_status":"closed","ping_status":"open","template":"","meta":{"footnotes":""},"class_list":["post-2","page","type-page","status-publish","hentry","post"],"_links":{"self":[{"href":"https:\/\/lolaandyukaomeet.com\/meteores\/wp-json\/wp\/v2\/pages\/2","targetHints":{"allow":["GET"]}}],"collection":[{"href":"https:\/\/lolaandyukaomeet.com\/meteores\/wp-json\/wp\/v2\/pages"}],"about":[{"href":"https:\/\/lolaandyukaomeet.com\/meteores\/wp-json\/wp\/v2\/types\/page"}],"author":[{"embeddable":true,"href":"https:\/\/lolaandyukaomeet.com\/meteores\/wp-json\/wp\/v2\/users\/6"}],"replies":[{"embeddable":true,"href":"https:\/\/lolaandyukaomeet.com\/meteores\/wp-json\/wp\/v2\/comments?post=2"}],"version-history":[{"count":22,"href":"https:\/\/lolaandyukaomeet.com\/meteores\/wp-json\/wp\/v2\/pages\/2\/revisions"}],"predecessor-version":[{"id":134,"href":"https:\/\/lolaandyukaomeet.com\/meteores\/wp-json\/wp\/v2\/pages\/2\/revisions\/134"}],"wp:attachment":[{"href":"https:\/\/lolaandyukaomeet.com\/meteores\/wp-json\/wp\/v2\/media?parent=2"}],"curies":[{"name":"wp","href":"https:\/\/api.w.org\/{rel}","templated":true}]}}